{"id":1385,"date":"2022-03-09T10:35:30","date_gmt":"2022-03-09T13:35:30","guid":{"rendered":"http:\/\/londonpub.com.br\/?page_id=1385"},"modified":"2022-03-17T13:35:09","modified_gmt":"2022-03-17T16:35:09","slug":"contato","status":"publish","type":"page","link":"https:\/\/londonpub.com.br\/index.php\/contato\/","title":{"rendered":"Contato"},"content":{"rendered":"\t\t<div data-elementor-type=\"wp-page\" data-elementor-id=\"1385\" class=\"elementor elementor-1385\" data-elementor-settings=\"[]\">\n\t\t\t\t\t\t\t<div class=\"elementor-section-wrap\">\n\t\t\t\t\t\t\t<section class=\"elementor-section elementor-top-section elementor-element elementor-element-2eefd3d elementor-section-boxed elementor-section-height-default elementor-section-height-default\" data-id=\"2eefd3d\" data-element_type=\"section\" data-settings=\"{&quot;background_background&quot;:&quot;slideshow&quot;,&quot;background_slideshow_gallery&quot;:[{&quot;id&quot;:35139,&quot;url&quot;:&quot;http:\\\/\\\/londonpub.com.br\\\/wp-content\\\/uploads\\\/2022\\\/03\\\/081120191573236036.jpeg&quot;},{&quot;id&quot;:35137,&quot;url&quot;:&quot;http:\\\/\\\/londonpub.com.br\\\/wp-content\\\/uploads\\\/2022\\\/03\\\/081120191573236033.jpeg&quot;},{&quot;id&quot;:35138,&quot;url&quot;:&quot;http:\\\/\\\/londonpub.com.br\\\/wp-content\\\/uploads\\\/2022\\\/03\\\/081120191573236034.jpeg&quot;},{&quot;id&quot;:35134,&quot;url&quot;:&quot;http:\\\/\\\/londonpub.com.br\\\/wp-content\\\/uploads\\\/2022\\\/03\\\/081120191573236030.jpeg&quot;},{&quot;id&quot;:35135,&quot;url&quot;:&quot;http:\\\/\\\/londonpub.com.br\\\/wp-content\\\/uploads\\\/2022\\\/03\\\/081120191573236031.jpeg&quot;},{&quot;id&quot;:35136,&quot;url&quot;:&quot;http:\\\/\\\/londonpub.com.br\\\/wp-content\\\/uploads\\\/2022\\\/03\\\/081120191573236032.jpeg&quot;},{&quot;id&quot;:35133,&quot;url&quot;:&quot;http:\\\/\\\/londonpub.com.br\\\/wp-content\\\/uploads\\\/2022\\\/03\\\/081120191573236029.jpeg&quot;},{&quot;id&quot;:35126,&quot;url&quot;:&quot;http:\\\/\\\/londonpub.com.br\\\/wp-content\\\/uploads\\\/2022\\\/03\\\/081120191573236010.jpeg&quot;},{&quot;id&quot;:35120,&quot;url&quot;:&quot;http:\\\/\\\/londonpub.com.br\\\/wp-content\\\/uploads\\\/2022\\\/03\\\/081120191573235989.jpeg&quot;},{&quot;id&quot;:35121,&quot;url&quot;:&quot;http:\\\/\\\/londonpub.com.br\\\/wp-content\\\/uploads\\\/2022\\\/03\\\/081120191573235991.jpeg&quot;},{&quot;id&quot;:35123,&quot;url&quot;:&quot;http:\\\/\\\/londonpub.com.br\\\/wp-content\\\/uploads\\\/2022\\\/03\\\/081120191573235997.jpeg&quot;},{&quot;id&quot;:35125,&quot;url&quot;:&quot;http:\\\/\\\/londonpub.com.br\\\/wp-content\\\/uploads\\\/2022\\\/03\\\/081120191573236003.jpeg&quot;},{&quot;id&quot;:35132,&quot;url&quot;:&quot;http:\\\/\\\/londonpub.com.br\\\/wp-content\\\/uploads\\\/2022\\\/03\\\/081120191573236028.jpeg&quot;},{&quot;id&quot;:35131,&quot;url&quot;:&quot;http:\\\/\\\/londonpub.com.br\\\/wp-content\\\/uploads\\\/2022\\\/03\\\/081120191573236025.jpeg&quot;},{&quot;id&quot;:35118,&quot;url&quot;:&quot;http:\\\/\\\/londonpub.com.br\\\/wp-content\\\/uploads\\\/2022\\\/03\\\/081020151444333933.jpeg&quot;},{&quot;id&quot;:35112,&quot;url&quot;:&quot;http:\\\/\\\/londonpub.com.br\\\/wp-content\\\/uploads\\\/2022\\\/03\\\/081020151444333893.jpeg&quot;},{&quot;id&quot;:35114,&quot;url&quot;:&quot;http:\\\/\\\/londonpub.com.br\\\/wp-content\\\/uploads\\\/2022\\\/03\\\/081020151444333900.jpeg&quot;},{&quot;id&quot;:35116,&quot;url&quot;:&quot;http:\\\/\\\/londonpub.com.br\\\/wp-content\\\/uploads\\\/2022\\\/03\\\/081020151444333909.jpeg&quot;},{&quot;id&quot;:35115,&quot;url&quot;:&quot;http:\\\/\\\/londonpub.com.br\\\/wp-content\\\/uploads\\\/2022\\\/03\\\/081020151444333903.jpeg&quot;},{&quot;id&quot;:35119,&quot;url&quot;:&quot;http:\\\/\\\/londonpub.com.br\\\/wp-content\\\/uploads\\\/2022\\\/03\\\/081120191573235987.jpeg&quot;}],&quot;shape_divider_bottom&quot;:&quot;opacity-tilt&quot;,&quot;background_slideshow_loop&quot;:&quot;yes&quot;,&quot;background_slideshow_slide_duration&quot;:5000,&quot;background_slideshow_slide_transition&quot;:&quot;fade&quot;,&quot;background_slideshow_transition_duration&quot;:500}\">\n\t\t\t\t\t\t\t<div class=\"elementor-background-overlay\"><\/div>\n\t\t\t\t\t\t<div class=\"elementor-shape elementor-shape-bottom\" data-negative=\"false\">\n\t\t\t<svg xmlns=\"http:\/\/www.w3.org\/2000\/svg\" viewBox=\"0 0 2600 131.1\" preserveAspectRatio=\"none\">\n\t<path class=\"elementor-shape-fill\" d=\"M0 0L2600 0 2600 69.1 0 0z\"\/>\n\t<path class=\"elementor-shape-fill\" style=\"opacity:0.5\" d=\"M0 0L2600 0 2600 69.1 0 69.1z\"\/>\n\t<path class=\"elementor-shape-fill\" style=\"opacity:0.25\" d=\"M2600 0L0 0 0 130.1 2600 69.1z\"\/>\n<\/svg>\t\t<\/div>\n\t\t\t\t\t<div class=\"elementor-container elementor-column-gap-default\">\n\t\t\t\t\t<div class=\"elementor-column elementor-col-100 elementor-top-column elementor-element elementor-element-2eb95cd\" data-id=\"2eb95cd\" data-element_type=\"column\">\n\t\t\t<div class=\"elementor-widget-wrap elementor-element-populated\">\n\t\t\t\t\t\t\t\t<div class=\"elementor-element elementor-element-970e992 elementor-widget elementor-widget-spacer\" data-id=\"970e992\" data-element_type=\"widget\" data-widget_type=\"spacer.default\">\n\t\t\t\t<div class=\"elementor-widget-container\">\n\t\t\t\t\t<div class=\"elementor-spacer\">\n\t\t\t<div class=\"elementor-spacer-inner\"><\/div>\n\t\t<\/div>\n\t\t\t\t<\/div>\n\t\t\t\t<\/div>\n\t\t\t\t\t<\/div>\n\t\t<\/div>\n\t\t\t\t\t\t\t<\/div>\n\t\t<\/section>\n\t\t\t\t<header class=\"elementor-section elementor-top-section elementor-element elementor-element-e69ea5a elementor-section-height-min-height elementor-section-boxed elementor-section-height-default elementor-section-items-middle\" data-id=\"e69ea5a\" data-element_type=\"section\" data-settings=\"{&quot;background_background&quot;:&quot;classic&quot;,&quot;shape_divider_top&quot;:&quot;opacity-tilt&quot;}\">\n\t\t\t\t\t\t\t<div class=\"elementor-background-overlay\"><\/div>\n\t\t\t\t\t\t<div class=\"elementor-shape elementor-shape-top\" data-negative=\"false\">\n\t\t\t<svg xmlns=\"http:\/\/www.w3.org\/2000\/svg\" viewBox=\"0 0 2600 131.1\" preserveAspectRatio=\"none\">\n\t<path class=\"elementor-shape-fill\" d=\"M0 0L2600 0 2600 69.1 0 0z\"\/>\n\t<path class=\"elementor-shape-fill\" style=\"opacity:0.5\" d=\"M0 0L2600 0 2600 69.1 0 69.1z\"\/>\n\t<path class=\"elementor-shape-fill\" style=\"opacity:0.25\" d=\"M2600 0L0 0 0 130.1 2600 69.1z\"\/>\n<\/svg>\t\t<\/div>\n\t\t\t\t\t<div class=\"elementor-container elementor-column-gap-default\">\n\t\t\t\t\t<div class=\"elementor-column elementor-col-50 elementor-top-column elementor-element elementor-element-2e1d646\" data-id=\"2e1d646\" data-element_type=\"column\" data-settings=\"{&quot;background_background&quot;:&quot;classic&quot;}\">\n\t\t\t<div class=\"elementor-widget-wrap elementor-element-populated\">\n\t\t\t\t\t\t\t\t<div class=\"elementor-element elementor-element-df1905e elementor-widget elementor-widget-text-editor\" data-id=\"df1905e\" data-element_type=\"widget\" data-widget_type=\"text-editor.default\">\n\t\t\t\t<div class=\"elementor-widget-container\">\n\t\t\t<style>\/*! elementor - v3.5.6 - 28-02-2022 *\/\n.elementor-widget-text-editor.elementor-drop-cap-view-stacked .elementor-drop-cap{background-color:#818a91;color:#fff}.elementor-widget-text-editor.elementor-drop-cap-view-framed .elementor-drop-cap{color:#818a91;border:3px solid;background-color:transparent}.elementor-widget-text-editor:not(.elementor-drop-cap-view-default) .elementor-drop-cap{margin-top:8px}.elementor-widget-text-editor:not(.elementor-drop-cap-view-default) .elementor-drop-cap-letter{width:1em;height:1em}.elementor-widget-text-editor .elementor-drop-cap{float:left;text-align:center;line-height:1;font-size:50px}.elementor-widget-text-editor .elementor-drop-cap-letter{display:inline-block}<\/style>\t\t\t\t<p><span style=\"font-size: 15px; letter-spacing: 0.2px;\">Telefone: (34) 3236-5081<\/span><br><\/p>\n<p>Whatsapp: (34) 9 9892-7900<\/p>\n<p>Email: london@londonpub.com.br<\/p><p style=\"font-variant-ligatures: normal; font-variant-caps: normal; font-family: Montserrat; font-size: 15px; font-style: normal; font-weight: 400; letter-spacing: 0.2px;\">Av. Floriano Peixoto &#8211; 39 &#8211; Centro &#8211; Uberl\u00e2ndia &#8211; MG<\/p>\t\t\t\t\t\t<\/div>\n\t\t\t\t<\/div>\n\t\t\t\t\t<\/div>\n\t\t<\/div>\n\t\t\t\t<div class=\"elementor-column elementor-col-50 elementor-top-column elementor-element elementor-element-cf84e57\" data-id=\"cf84e57\" data-element_type=\"column\">\n\t\t\t<div class=\"elementor-widget-wrap elementor-element-populated\">\n\t\t\t\t\t\t\t\t<div class=\"elementor-element elementor-element-77044c6 elementor-widget elementor-widget-eael-simple-menu\" data-id=\"77044c6\" data-element_type=\"widget\" data-widget_type=\"eael-simple-menu.default\">\n\t\t\t\t<div class=\"elementor-widget-container\">\n\t\t\t<div data-indicator-class=\"fas fa-angle-down\" data-dropdown-indicator-class=\"fas fa-angle-down\" class=\"eael-simple-menu-container eael-simple-menu-align-right eael-simple-menu-dropdown-align-left preset-1\"><ul id=\"menu-home-v2\" class=\"eael-simple-menu eael-simple-menu-dropdown-animate-to-top eael-simple-menu-indicator eael-simple-menu-vertical\"><li id=\"menu-item-1034\" class=\"menu-item menu-item-type-post_type menu-item-object-page menu-item-home menu-item-1034\"><a href=\"https:\/\/londonpub.com.br\/\">Home<\/a><\/li>\n<li id=\"menu-item-1393\" class=\"menu-item menu-item-type-post_type menu-item-object-page menu-item-1393\"><a href=\"https:\/\/londonpub.com.br\/index.php\/contato\/\">Contato<\/a><\/li>\n<li id=\"menu-item-1401\" class=\"menu-item menu-item-type-post_type menu-item-object-page menu-item-1401\"><a href=\"https:\/\/londonpub.com.br\/index.php\/redes-sociais\/\">Redes sociais<\/a><\/li>\n<li id=\"menu-item-35350\" class=\"menu-item menu-item-type-taxonomy menu-item-object-category menu-item-35350\"><a href=\"https:\/\/londonpub.com.br\/index.php\/category\/programacao-london\/\">Programa\u00e7\u00e3o London<\/a><\/li>\n<li id=\"menu-item-1413\" class=\"menu-item menu-item-type-post_type menu-item-object-page menu-item-1413\"><a href=\"https:\/\/londonpub.com.br\/index.php\/mapa-de-mesas\/\">Mapa de Mesas<\/a><\/li>\n<li id=\"menu-item-1505\" class=\"menu-item menu-item-type-post_type menu-item-object-page menu-item-1505\"><a href=\"https:\/\/londonpub.com.br\/index.php\/fotos-do-london\/\">Fotos do London<\/a><\/li>\n<li id=\"menu-item-1504\" class=\"menu-item menu-item-type-post_type menu-item-object-page menu-item-1504\"><a href=\"https:\/\/londonpub.com.br\/index.php\/fotos-de-eventos-2\/\">Fotos de Eventos<\/a><\/li>\n<li id=\"menu-item-1506\" class=\"menu-item menu-item-type-post_type menu-item-object-page menu-item-1506\"><a href=\"https:\/\/londonpub.com.br\/index.php\/videos-do-london\/\">V\u00eddeos do London<\/a><\/li>\n<li id=\"menu-item-35352\" class=\"menu-item menu-item-type-taxonomy menu-item-object-category menu-item-35352\"><a href=\"https:\/\/londonpub.com.br\/index.php\/category\/duvidas-frequentes\/\">D\u00favidas frequentes<\/a><\/li>\n<li id=\"menu-item-1467\" class=\"menu-item menu-item-type-post_type menu-item-object-page menu-item-1467\"><a href=\"https:\/\/londonpub.com.br\/index.php\/servico-de-atendimento\/\">Servi\u00e7o de atendimento (WhatsApp)<\/a><\/li>\n<li id=\"menu-item-983\" class=\"menu-item menu-item-type-custom menu-item-object-custom menu-item-983\"><a href=\"https:\/\/www.outgo.com.br\/londonpubudi\">COMPRE AQUI SEU INGRESSO<\/a><\/li>\n<\/ul><\/div>\t\t<\/div>\n\t\t\t\t<\/div>\n\t\t\t\t\t<\/div>\n\t\t<\/div>\n\t\t\t\t\t\t\t<\/div>\n\t\t<\/header>\n\t\t\t\t\t\t<\/div>\n\t\t\t\t\t<\/div>\n\t\t","protected":false},"excerpt":{"rendered":"<p>Telefone: (34) 3236-5081 Whatsapp: (34) 9 9892-7900 Email: london@londonpub.com.br Av. Floriano Peixoto &#8211; 39 &#8211; Centro &#8211; Uberl\u00e2ndia &#8211; MG Home Contato Redes sociais Programa\u00e7\u00e3o Caf\u00e9 Programa\u00e7\u00e3o London Mapa de Mesas Fotos do London Fotos de Eventos V\u00eddeos do London D\u00favidas frequentes Servi\u00e7o de atendimento (WhatsApp) COMPRE AQUI SEU INGRESSO<\/p>\n","protected":false},"author":1,"featured_media":0,"parent":0,"menu_order":0,"comment_status":"closed","ping_status":"closed","template":"","meta":{"ngg_post_thumbnail":0,"_expiration-date-status":"","_expiration-date":0,"_expiration-date-type":"","_expiration-date-categories":[],"_expiration-date-options":[]},"_links":{"self":[{"href":"https:\/\/londonpub.com.br\/index.php\/wp-json\/wp\/v2\/pages\/1385"}],"collection":[{"href":"https:\/\/londonpub.com.br\/index.php\/wp-json\/wp\/v2\/pages"}],"about":[{"href":"https:\/\/londonpub.com.br\/index.php\/wp-json\/wp\/v2\/types\/page"}],"author":[{"embeddable":true,"href":"https:\/\/londonpub.com.br\/index.php\/wp-json\/wp\/v2\/users\/1"}],"replies":[{"embeddable":true,"href":"https:\/\/londonpub.com.br\/index.php\/wp-json\/wp\/v2\/comments?post=1385"}],"version-history":[{"count":36,"href":"https:\/\/londonpub.com.br\/index.php\/wp-json\/wp\/v2\/pages\/1385\/revisions"}],"predecessor-version":[{"id":35208,"href":"https:\/\/londonpub.com.br\/index.php\/wp-json\/wp\/v2\/pages\/1385\/revisions\/35208"}],"wp:attachment":[{"href":"https:\/\/londonpub.com.br\/index.php\/wp-json\/wp\/v2\/media?parent=1385"}],"curies":[{"name":"wp","href":"https:\/\/api.w.org\/{rel}","templated":true}]}}